
{"id":2,"date":"2007-02-06T21:20:54","date_gmt":"2007-02-06T23:20:54","guid":{"rendered":""},"modified":"2008-12-13T22:12:57","modified_gmt":"2008-12-14T00:12:57","slug":"sobre","status":"publish","type":"page","link":"https:\/\/www.reinaldo.pro.br\/blog\/sobre\/","title":{"rendered":"Sobre"},"content":{"rendered":"<h4><strong>Seja bem-vindo! <\/strong><\/h4>\n<p><strong>Voc\u00ea est\u00e1 no &#8220;Vivendo e aprendendo sempre&#8230;&#8221;<\/strong><\/p>\n<p>Deixe aqui no <em>blog<\/em> o seu recado, coment\u00e1rio, sugest\u00e3o, dica, etc&#8230;<\/p>\n<p><img loading=\"lazy\" title=\"Eu mesmo, em vers\u00e3o Simpson\u00b4s\" src=\"http:\/\/www.reinaldo.pro.br\/blog\/eu.jpg\" border=\"1\" alt=\"Eu mesmo, em vers\u00e3o Simpson\u00b4s\" hspace=\"10\" width=\"127\" height=\"139\" align=\"left\" \/> Eu utilizava este <em>site<\/em> para deixar alguns materiais das aulas que eu lecionava na <a title=\"Universidade do Vale do Para\u00ed\u00adba\" href=\"http:\/\/www.univap.br\" target=\"_blank\">UNIVAP<\/a>. Hoje o <em>site<\/em> est\u00e1 passando por profundas altera\u00e7\u00f5es (transformei ele em um Blog&#8230;), al\u00e9m dos materiais de aula, estarei mantendo cursos on-line, informa\u00e7\u00f5es a respeito de tecnologia, educa\u00e7\u00e3o, utilidades, futilidades e tudo o mais que vier a cabe\u00e7a&#8230; \ud83d\ude09<\/p>\n<p><strong>Por que a id\u00e9ia de escrever um blog?<\/strong> Simples: <strong>porque gosto de exatas!<\/strong> Sou formado e p\u00f3s graduado em Inform\u00e1tica, ent\u00e3o tenho facilidade de lidar com n\u00fameros e tal&#8230; sempre tive dificuldade para escrever; reda\u00e7\u00e3o ent\u00e3o&#8230; <strong><em>necas<\/em><\/strong>, para sair uma frase no papel tinha que pensar por horas. Por isso resolvi criar um <em>blog<\/em>. Seria uma forma de me auto incentivar a melhorar a minha maneira de me expressar por meio das palavras. Escrevo sobre o que acho interessante, o que penso, o que estudo e assim vou me aperfei\u00e7oando. \u00c9 isso&#8230; \ud83d\ude09<\/p>\n<p><strong><\/strong><\/p>\n<h4>Entre em contato:<\/h4>\n<p><!--cforms name=\"Contato | Contact\"--><\/p>\n<p><script src=\"http:\/\/pub.mybloglog.com\/comm2.php?mblID=2007082017251788&amp;c_width=180&amp;c_sn_opt=n&amp;c_rows=4&amp;c_img_size=f&amp;c_heading_text=Visitantes+Recentes&amp;c_color_heading_bg=006600&amp;c_color_heading=ffffff&amp;c_color_link_bg=E3E3E3&amp;c_color_link=005A94&amp;c_color_bottom_bg=005A94\" type=\"text\/javascript\"><\/script> <script src=\"http:\/\/embed.blogblogs.com.br\/embed\/readers?blog_id=157181&amp;layout=GS&amp;style=0&amp;img=w&amp;rank=0\" type=\"text\/javascript\"><\/script><\/p>\n","protected":false},"excerpt":{"rendered":"<p>Seja bem-vindo! Voc\u00ea est\u00e1 no &#8220;Vivendo e aprendendo sempre&#8230;&#8221; Deixe aqui no blog o seu recado, coment\u00e1rio, sugest\u00e3o, dica, etc&#8230; Eu utilizava este site para deixar alguns materiais das aulas que eu lecionava na UNIVAP. Hoje o site est\u00e1 passando &hellip; <a href=\"https:\/\/www.reinaldo.pro.br\/blog\/sobre\/\">Continue reading <span class=\"meta-nav\">&rarr;<\/span><\/a><\/p>\n","protected":false},"author":1,"featured_media":0,"parent":0,"menu_order":1,"comment_status":"open","ping_status":"open","template":"","meta":[],"_links":{"self":[{"href":"https:\/\/www.reinaldo.pro.br\/blog\/wp-json\/wp\/v2\/pages\/2"}],"collection":[{"href":"https:\/\/www.reinaldo.pro.br\/blog\/wp-json\/wp\/v2\/pages"}],"about":[{"href":"https:\/\/www.reinaldo.pro.br\/blog\/wp-json\/wp\/v2\/types\/page"}],"author":[{"embeddable":true,"href":"https:\/\/www.reinaldo.pro.br\/blog\/wp-json\/wp\/v2\/users\/1"}],"replies":[{"embeddable":true,"href":"https:\/\/www.reinaldo.pro.br\/blog\/wp-json\/wp\/v2\/comments?post=2"}],"version-history":[{"count":0,"href":"https:\/\/www.reinaldo.pro.br\/blog\/wp-json\/wp\/v2\/pages\/2\/revisions"}],"wp:attachment":[{"href":"https:\/\/www.reinaldo.pro.br\/blog\/wp-json\/wp\/v2\/media?parent=2"}],"curies":[{"name":"wp","href":"https:\/\/api.w.org\/{rel}","templated":true}]}}